{"id":3,"date":"2025-07-08T15:13:32","date_gmt":"2025-07-08T15:13:32","guid":{"rendered":"https:\/\/krem-studio-117ab5f.ingress-erytho.ewp.live\/?page_id=3"},"modified":"2025-09-03T14:59:28","modified_gmt":"2025-09-03T18:59:28","slug":"privacy-policy","status":"publish","type":"page","link":"https:\/\/krem-studio-1-12b1ea9.ingress-baronn.ewp.live\/?page_id=3","title":{"rendered":"Pol\u00edtica de Privacidad"},"content":{"rendered":"\t\t<div data-elementor-type=\"wp-page\" data-elementor-id=\"3\" class=\"elementor elementor-3\">\n\t\t\t\t<div class=\"elementor-element elementor-element-57ba9fb1 e-flex e-con-boxed e-con e-parent\" data-id=\"57ba9fb1\" data-element_type=\"container\" data-e-type=\"container\">\n\t\t\t\t\t<div class=\"e-con-inner\">\n\t\t\t\t<div class=\"elementor-element elementor-element-69cb9505 elementor-widget elementor-widget-text-editor\" data-id=\"69cb9505\" data-element_type=\"widget\" data-e-type=\"widget\" data-widget_type=\"text-editor.default\">\n\t\t\t\t\t\t\t\t\t\n<p data-start=\"341\" data-end=\"604\">En <strong data-start=\"344\" data-end=\"359\">KREM Studio<\/strong> valoramos y respetamos la privacidad de nuestros clientes y visitantes. Esta Pol\u00edtica de Privacidad explica c\u00f3mo recopilamos, usamos y protegemos tu informaci\u00f3n personal cuando utilizas nuestra p\u00e1gina web, servicios y canales de comunicaci\u00f3n.<\/p>\n<h2 class=\"wp-block-heading\" data-start=\"611\" data-end=\"646\">1. Informaci\u00f3n que recopilamos<\/h2>\n<p data-start=\"647\" data-end=\"692\">Podemos recopilar la siguiente informaci\u00f3n:<\/p>\n<p data-start=\"695\" data-end=\"789\"><strong data-start=\"695\" data-end=\"716\">Datos de contacto<\/strong>: nombre, correo electr\u00f3nico, n\u00famero de tel\u00e9fono, direcci\u00f3n de entrega.<\/p>\n<p data-start=\"792\" data-end=\"866\"><strong data-start=\"792\" data-end=\"823\">Datos de facturaci\u00f3n y pago<\/strong>: cuando realizas compras o cotizaciones.<\/p>\n<p data-start=\"869\" data-end=\"956\"><strong data-start=\"869\" data-end=\"891\">Archivos de dise\u00f1o<\/strong>: im\u00e1genes, logos o documentos que nos env\u00edes para tus pedidos.<\/p>\n<p data-start=\"959\" data-end=\"1077\"><strong data-start=\"959\" data-end=\"982\">Datos de navegaci\u00f3n<\/strong>: direcci\u00f3n IP, dispositivo, navegador y p\u00e1ginas visitadas (cookies y tecnolog\u00edas similares).<\/p>\n<h2 data-start=\"1084\" data-end=\"1118\">2. C\u00f3mo usamos tu informaci\u00f3n<\/h2>\n<p data-start=\"1119\" data-end=\"1152\">Utilizamos tu informaci\u00f3n para:<\/p>\n<p data-start=\"1155\" data-end=\"1183\">Procesar pedidos y env\u00edos.<\/p>\n<p data-start=\"1186\" data-end=\"1219\">Enviar cotizaciones y facturas.<\/p>\n<p data-start=\"1222\" data-end=\"1276\">Ofrecer soporte al cliente y seguimiento de pedidos.<\/p>\n<p data-start=\"1279\" data-end=\"1330\">Personalizar tu experiencia en nuestro sitio web.<\/p>\n<p data-start=\"1333\" data-end=\"1409\">Compartir promociones, novedades y actualizaciones (solo si lo autorizas).<\/p>\n<h2 data-start=\"1416\" data-end=\"1443\">3. Protecci\u00f3n de datos<\/h2>\n<p data-start=\"1444\" data-end=\"1631\">En <strong data-start=\"1447\" data-end=\"1462\">KREM Studio<\/strong> implementamos medidas de seguridad administrativas y tecnol\u00f3gicas para proteger tu informaci\u00f3n personal contra accesos no autorizados, p\u00e9rdida o divulgaci\u00f3n indebida.<\/p>\n<h2 data-start=\"1638\" data-end=\"1667\">4. Compartici\u00f3n de datos<\/h2>\n<p data-start=\"1668\" data-end=\"1767\">No vendemos, alquilamos ni comercializamos tu informaci\u00f3n personal.<br data-start=\"1735\" data-end=\"1738\" \/>Solo compartimos datos con:<\/p>\n<p data-start=\"1770\" data-end=\"1822\">Empresas de mensajer\u00eda para la entrega de pedidos.<\/p>\n<p data-start=\"1825\" data-end=\"1879\">Pasarelas de pago seguras para procesar tus compras.<\/p>\n<p data-start=\"1882\" data-end=\"1952\">Proveedores tecnol\u00f3gicos que nos ayudan a operar nuestra p\u00e1gina web.<\/p>\n<p data-start=\"1954\" data-end=\"2032\">Todos ellos cumplen con pol\u00edticas de confidencialidad y protecci\u00f3n de datos.<\/p>\n<h2 data-start=\"2039\" data-end=\"2054\">5. Cookies<\/h2>\n<p data-start=\"2055\" data-end=\"2254\">Nuestro sitio web utiliza cookies para mejorar tu experiencia de navegaci\u00f3n. Puedes desactivarlas desde la configuraci\u00f3n de tu navegador, aunque algunas funciones del sitio podr\u00edan verse limitadas.<\/p>\n<h2 data-start=\"2261\" data-end=\"2289\">6. Derechos del usuario<\/h2>\n<p data-start=\"2290\" data-end=\"2309\">Tienes derecho a:<\/p>\n<p data-start=\"2312\" data-end=\"2364\">Acceder, corregir o eliminar tus datos personales.<\/p>\n<p data-start=\"2367\" data-end=\"2448\">Retirar tu consentimiento para comunicaciones comerciales en cualquier momento.<\/p>\n<p data-start=\"2451\" data-end=\"2503\">Solicitar informaci\u00f3n sobre c\u00f3mo usamos tus datos.<\/p>\n<p data-start=\"2505\" data-end=\"2582\">Puedes ejercer estos derechos escribi\u00e9ndonos a <strong data-start=\"2552\" data-end=\"2579\">kremstudio.creative@gmail.com<\/strong>.<\/p>\n<h2 data-start=\"2589\" data-end=\"2621\">7. Cambios en esta pol\u00edtica<\/h2>\n<p data-start=\"2622\" data-end=\"2804\"><strong data-start=\"2622\" data-end=\"2637\">KREM Studio<\/strong> puede actualizar esta Pol\u00edtica de Privacidad en cualquier momento. Publicaremos cualquier modificaci\u00f3n en esta p\u00e1gina con la fecha de actualizaci\u00f3n correspondiente.<\/p>\n<h2 data-start=\"2811\" data-end=\"2827\">8. Contacto<\/h2>\n<p data-start=\"2828\" data-end=\"2942\">Si tienes preguntas sobre nuestra Pol\u00edtica de Privacidad o sobre el manejo de tus datos, puedes contactarnos en:<\/p>\n<p data-start=\"2944\" data-end=\"3050\">\ud83d\udce7 <strong data-start=\"2552\" data-end=\"2579\">kremstudio.creative@gmail.com<\/strong><br data-start=\"2974\" data-end=\"2977\" \/>\ud83d\udcde (809) 384-9733<br data-start=\"3007\" data-end=\"3010\" \/>\ud83d\udccd Santo Domingo Este, Rep\u00fablica Dominicana<\/p>\n\t\t\t\t\t\t\t\t<\/div>\n\t\t\t\t\t<\/div>\n\t\t\t\t<\/div>\n\t\t\t\t<\/div>\n\t\t","protected":false},"excerpt":{"rendered":"<p>En KREM Studio valoramos y respetamos la privacidad de nuestros clientes y visitantes. Esta Pol\u00edtica de Privacidad explica c\u00f3mo recopilamos, usamos y protegemos tu informaci\u00f3n personal cuando utilizas nuestra p\u00e1gina web, servicios y canales de comunicaci\u00f3n. 1. Informaci\u00f3n que recopilamos Podemos recopilar la siguiente informaci\u00f3n: Datos de contacto: nombre, correo electr\u00f3nico, n\u00famero de tel\u00e9fono, direcci\u00f3n [&hellip;]<\/p>\n","protected":false},"author":14,"featured_media":0,"parent":0,"menu_order":0,"comment_status":"closed","ping_status":"closed","template":"","meta":{"_monsterinsights_skip_tracking":false,"_monsterinsights_sitenote_active":false,"_monsterinsights_sitenote_note":"","_monsterinsights_sitenote_category":0,"footnotes":""},"class_list":["post-3","page","type-page","status-publish","hentry"],"_links":{"self":[{"href":"https:\/\/krem-studio-1-12b1ea9.ingress-baronn.ewp.live\/index.php?rest_route=\/wp\/v2\/pages\/3","targetHints":{"allow":["GET"]}}],"collection":[{"href":"https:\/\/krem-studio-1-12b1ea9.ingress-baronn.ewp.live\/index.php?rest_route=\/wp\/v2\/pages"}],"about":[{"href":"https:\/\/krem-studio-1-12b1ea9.ingress-baronn.ewp.live\/index.php?rest_route=\/wp\/v2\/types\/page"}],"author":[{"embeddable":true,"href":"https:\/\/krem-studio-1-12b1ea9.ingress-baronn.ewp.live\/index.php?rest_route=\/wp\/v2\/users\/14"}],"replies":[{"embeddable":true,"href":"https:\/\/krem-studio-1-12b1ea9.ingress-baronn.ewp.live\/index.php?rest_route=%2Fwp%2Fv2%2Fcomments&post=3"}],"version-history":[{"count":5,"href":"https:\/\/krem-studio-1-12b1ea9.ingress-baronn.ewp.live\/index.php?rest_route=\/wp\/v2\/pages\/3\/revisions"}],"predecessor-version":[{"id":11258,"href":"https:\/\/krem-studio-1-12b1ea9.ingress-baronn.ewp.live\/index.php?rest_route=\/wp\/v2\/pages\/3\/revisions\/11258"}],"wp:attachment":[{"href":"https:\/\/krem-studio-1-12b1ea9.ingress-baronn.ewp.live\/index.php?rest_route=%2Fwp%2Fv2%2Fmedia&parent=3"}],"curies":[{"name":"wp","href":"https:\/\/api.w.org\/{rel}","templated":true}]}}