{"id":10439,"date":"2025-07-09T21:03:13","date_gmt":"2025-07-09T21:03:13","guid":{"rendered":"https:\/\/krem-studio-117ab5f.ingress-erytho.ewp.live\/?post_type=product&#038;p=10439"},"modified":"2025-10-23T20:19:51","modified_gmt":"2025-10-24T00:19:51","slug":"tarjetas-de-presentacion","status":"publish","type":"product","link":"https:\/\/krem-studio-1-12b1ea9.ingress-baronn.ewp.live\/?product=tarjetas-de-presentacion","title":{"rendered":"Tarjetas de Presentaci\u00f3n"},"content":{"rendered":"<p data-start=\"510\" data-end=\"629\">Las tarjetas de presentaci\u00f3n no son solo un pedazo de cart\u00f3n: son tu primera impresi\u00f3n, tu mini pitch, tu firma visual.<\/p>\n<p data-start=\"631\" data-end=\"926\">En Krem Studio te ofrecemos tarjetas dise\u00f1adas para dejar huella, ya sea que representes una marca personal, una empresa o un emprendimiento en crecimiento. Elige entre opciones cl\u00e1sicas o premium (con foil, esquinas redondeadas, laminado, etc.) y crea una pieza que diga exactamente qui\u00e9n eres.<\/p>\n<p data-start=\"631\" data-end=\"926\">\n","protected":false},"excerpt":{"rendered":"<p>Haz que te recuerden en segundos.<\/p>\n<p>Impacta desde el primer contacto con tarjetas que hablan por ti: elegantes, personalizadas y profesionales.<\/p>\n<p>Ideal para:<\/p>\n<p>\u2714\ufe0f Profesionales independientes (abogados, arquitectos, dise\u00f1adores)<\/p>\n<p>\u2714\ufe0f Negocios con atenci\u00f3n al cliente<\/p>\n<p>\u2714\ufe0f Equipos de ventas<\/p>\n<p>\u2714\ufe0f Emprendedores que reci\u00e9n lanzan su marca<\/p>\n","protected":false},"featured_media":11361,"template":"","meta":{"_monsterinsights_skip_tracking":false,"_monsterinsights_sitenote_active":false,"_monsterinsights_sitenote_note":"","_monsterinsights_sitenote_category":0},"product_brand":[],"product_cat":[311,310],"product_tag":[],"class_list":{"0":"post-10439","1":"product","2":"type-product","3":"status-publish","4":"has-post-thumbnail","6":"product_cat-tarjetas-de-presentacion","7":"product_cat-tarjetas-y-papeleria","9":"first","10":"instock","11":"taxable","12":"shipping-taxable","13":"purchasable","14":"product-type-simple"},"_links":{"self":[{"href":"https:\/\/krem-studio-1-12b1ea9.ingress-baronn.ewp.live\/index.php?rest_route=\/wp\/v2\/product\/10439","targetHints":{"allow":["GET"]}}],"collection":[{"href":"https:\/\/krem-studio-1-12b1ea9.ingress-baronn.ewp.live\/index.php?rest_route=\/wp\/v2\/product"}],"about":[{"href":"https:\/\/krem-studio-1-12b1ea9.ingress-baronn.ewp.live\/index.php?rest_route=\/wp\/v2\/types\/product"}],"wp:featuredmedia":[{"embeddable":true,"href":"https:\/\/krem-studio-1-12b1ea9.ingress-baronn.ewp.live\/index.php?rest_route=\/wp\/v2\/media\/11361"}],"wp:attachment":[{"href":"https:\/\/krem-studio-1-12b1ea9.ingress-baronn.ewp.live\/index.php?rest_route=%2Fwp%2Fv2%2Fmedia&parent=10439"}],"wp:term":[{"taxonomy":"product_brand","embeddable":true,"href":"https:\/\/krem-studio-1-12b1ea9.ingress-baronn.ewp.live\/index.php?rest_route=%2Fwp%2Fv2%2Fproduct_brand&post=10439"},{"taxonomy":"product_cat","embeddable":true,"href":"https:\/\/krem-studio-1-12b1ea9.ingress-baronn.ewp.live\/index.php?rest_route=%2Fwp%2Fv2%2Fproduct_cat&post=10439"},{"taxonomy":"product_tag","embeddable":true,"href":"https:\/\/krem-studio-1-12b1ea9.ingress-baronn.ewp.live\/index.php?rest_route=%2Fwp%2Fv2%2Fproduct_tag&post=10439"}],"curies":[{"name":"wp","href":"https:\/\/api.w.org\/{rel}","templated":true}]}}