{"id":10440,"date":"2025-07-09T21:44:10","date_gmt":"2025-07-09T21:44:10","guid":{"rendered":"https:\/\/krem-studio-117ab5f.ingress-erytho.ewp.live\/?post_type=product&#038;p=10440"},"modified":"2025-10-19T19:57:09","modified_gmt":"2025-10-19T23:57:09","slug":"flyers-volantes","status":"publish","type":"product","link":"https:\/\/krem-studio-1-12b1ea9.ingress-baronn.ewp.live\/?product=flyers-volantes","title":{"rendered":"Flyers \/ Volantes"},"content":{"rendered":"<p data-start=\"1639\" data-end=\"1913\">Un flyer bien hecho es m\u00e1s que papel: es una invitaci\u00f3n, una promo, una llamada a la acci\u00f3n. Ya sea que est\u00e9s anunciando un evento, un nuevo producto o una oferta irresistible, en Krem Studio dise\u00f1amos e imprimimos tus volantes con calidad profesional y alto impacto visual.<\/p>\n<p data-start=\"1915\" data-end=\"2108\">Con m\u00faltiples tama\u00f1os, tipos de papel y acabados, adaptamos cada volante a tu necesidad y presupuesto. T\u00fa decides si lo quieres sencillo y directo, o con acabados llamativos para robar miradas.<\/p>\n","protected":false},"excerpt":{"rendered":"<p data-start=\"1471\" data-end=\"1601\"><strong data-start=\"1471\" data-end=\"1496\">Que se enteren todos.<\/strong><br data-start=\"1496\" data-end=\"1499\" \/>Promociona como los grandes: nuestros flyers hacen que tu mensaje llegue lejos, con estilo y claridad.<\/p>\n<p data-start=\"1471\" data-end=\"1601\">Ideal para:<\/p>\n<p data-start=\"2139\" data-end=\"2159\">\u2714\ufe0f Restaurantes y bares<\/p>\n<p data-start=\"2139\" data-end=\"2159\">\u2714\ufe0f Eventos y conciertos<\/p>\n<p data-start=\"2139\" data-end=\"2159\">\u2714\ufe0f Campa\u00f1as pol\u00edticas<\/p>\n<p data-start=\"2139\" data-end=\"2159\">\u2714\ufe0f Lanza de nuevos productos o marcas<\/p>\n","protected":false},"featured_media":11377,"template":"","meta":{"_monsterinsights_skip_tracking":false,"_monsterinsights_sitenote_active":false,"_monsterinsights_sitenote_note":"","_monsterinsights_sitenote_category":0},"product_brand":[],"product_cat":[15],"product_tag":[],"class_list":{"0":"post-10440","1":"product","2":"type-product","3":"status-publish","4":"has-post-thumbnail","6":"product_cat-uncategorized","8":"first","9":"instock","10":"taxable","11":"shipping-taxable","12":"purchasable","13":"product-type-simple"},"_links":{"self":[{"href":"https:\/\/krem-studio-1-12b1ea9.ingress-baronn.ewp.live\/index.php?rest_route=\/wp\/v2\/product\/10440","targetHints":{"allow":["GET"]}}],"collection":[{"href":"https:\/\/krem-studio-1-12b1ea9.ingress-baronn.ewp.live\/index.php?rest_route=\/wp\/v2\/product"}],"about":[{"href":"https:\/\/krem-studio-1-12b1ea9.ingress-baronn.ewp.live\/index.php?rest_route=\/wp\/v2\/types\/product"}],"wp:featuredmedia":[{"embeddable":true,"href":"https:\/\/krem-studio-1-12b1ea9.ingress-baronn.ewp.live\/index.php?rest_route=\/wp\/v2\/media\/11377"}],"wp:attachment":[{"href":"https:\/\/krem-studio-1-12b1ea9.ingress-baronn.ewp.live\/index.php?rest_route=%2Fwp%2Fv2%2Fmedia&parent=10440"}],"wp:term":[{"taxonomy":"product_brand","embeddable":true,"href":"https:\/\/krem-studio-1-12b1ea9.ingress-baronn.ewp.live\/index.php?rest_route=%2Fwp%2Fv2%2Fproduct_brand&post=10440"},{"taxonomy":"product_cat","embeddable":true,"href":"https:\/\/krem-studio-1-12b1ea9.ingress-baronn.ewp.live\/index.php?rest_route=%2Fwp%2Fv2%2Fproduct_cat&post=10440"},{"taxonomy":"product_tag","embeddable":true,"href":"https:\/\/krem-studio-1-12b1ea9.ingress-baronn.ewp.live\/index.php?rest_route=%2Fwp%2Fv2%2Fproduct_tag&post=10440"}],"curies":[{"name":"wp","href":"https:\/\/api.w.org\/{rel}","templated":true}]}}