{"id":11340,"date":"2025-09-07T21:47:48","date_gmt":"2025-09-08T01:47:48","guid":{"rendered":"https:\/\/krem-studio-10fc169.ingress-daribow.ewp.live\/?post_type=product&#038;p=11340"},"modified":"2025-09-07T21:48:34","modified_gmt":"2025-09-08T01:48:34","slug":"guia-de-productos-catalogo","status":"publish","type":"product","link":"https:\/\/krem-studio-1-12b1ea9.ingress-baronn.ewp.live\/?product=guia-de-productos-catalogo","title":{"rendered":"Gu\u00eda de Productos (Cat\u00e1logo)"},"content":{"rendered":"<p>Un cat\u00e1logo es mucho m\u00e1s que una lista de productos: es la carta de presentaci\u00f3n de tu negocio. En Krem Studio dise\u00f1amos cat\u00e1logos visualmente atractivos, con im\u00e1genes de alta calidad, textos claros y estructura profesional para que tus clientes se enamoren de tu marca desde la primera p\u00e1gina.<\/p>\n","protected":false},"excerpt":{"rendered":"<p data-start=\"886\" data-end=\"963\">Muestra tu marca y productos de forma profesional.<\/p>\n<p data-start=\"965\" data-end=\"1121\">Cat\u00e1logos impresos que destacan tus productos y servicios con elegancia y organizaci\u00f3n. Perfectos para empresas que quieren causar impacto y credibilidad.<\/p>\n<p data-start=\"1123\" data-end=\"1238\"><strong data-start=\"1123\" data-end=\"1138\">Ideal para:<\/strong><br data-start=\"1138\" data-end=\"1141\" \/>\u2714\ufe0f Tiendas y marcas<br data-start=\"1160\" data-end=\"1163\" \/>\u2714\ufe0f Empresas de servicios<br data-start=\"1187\" data-end=\"1190\" \/>\u2714\ufe0f Presentaciones corporativas<br data-start=\"1220\" data-end=\"1223\" \/>\u2714\ufe0f Ventas B2B<\/p>\n","protected":false},"featured_media":0,"template":"","meta":{"_monsterinsights_skip_tracking":false,"_monsterinsights_sitenote_active":false,"_monsterinsights_sitenote_note":"","_monsterinsights_sitenote_category":0},"product_brand":[],"product_cat":[15],"product_tag":[],"class_list":{"0":"post-11340","1":"product","2":"type-product","3":"status-publish","5":"product_cat-uncategorized","7":"first","8":"instock","9":"taxable","10":"shipping-taxable","11":"purchasable","12":"product-type-simple"},"_links":{"self":[{"href":"https:\/\/krem-studio-1-12b1ea9.ingress-baronn.ewp.live\/index.php?rest_route=\/wp\/v2\/product\/11340","targetHints":{"allow":["GET"]}}],"collection":[{"href":"https:\/\/krem-studio-1-12b1ea9.ingress-baronn.ewp.live\/index.php?rest_route=\/wp\/v2\/product"}],"about":[{"href":"https:\/\/krem-studio-1-12b1ea9.ingress-baronn.ewp.live\/index.php?rest_route=\/wp\/v2\/types\/product"}],"wp:attachment":[{"href":"https:\/\/krem-studio-1-12b1ea9.ingress-baronn.ewp.live\/index.php?rest_route=%2Fwp%2Fv2%2Fmedia&parent=11340"}],"wp:term":[{"taxonomy":"product_brand","embeddable":true,"href":"https:\/\/krem-studio-1-12b1ea9.ingress-baronn.ewp.live\/index.php?rest_route=%2Fwp%2Fv2%2Fproduct_brand&post=11340"},{"taxonomy":"product_cat","embeddable":true,"href":"https:\/\/krem-studio-1-12b1ea9.ingress-baronn.ewp.live\/index.php?rest_route=%2Fwp%2Fv2%2Fproduct_cat&post=11340"},{"taxonomy":"product_tag","embeddable":true,"href":"https:\/\/krem-studio-1-12b1ea9.ingress-baronn.ewp.live\/index.php?rest_route=%2Fwp%2Fv2%2Fproduct_tag&post=11340"}],"curies":[{"name":"wp","href":"https:\/\/api.w.org\/{rel}","templated":true}]}}