{"id":11341,"date":"2025-09-07T21:49:34","date_gmt":"2025-09-08T01:49:34","guid":{"rendered":"https:\/\/krem-studio-10fc169.ingress-daribow.ewp.live\/?post_type=product&#038;p=11341"},"modified":"2025-10-19T18:48:16","modified_gmt":"2025-10-19T22:48:16","slug":"calendarios","status":"publish","type":"product","link":"https:\/\/krem-studio-1-12b1ea9.ingress-baronn.ewp.live\/?product=calendarios","title":{"rendered":"Calendarios"},"content":{"rendered":"<p>Los calendarios son herramientas pr\u00e1cticas que mantienen tu marca presente cada d\u00eda del a\u00f1o. En Krem Studio ofrecemos calendarios personalizados con distintos formatos, acabados y dise\u00f1os, creando piezas \u00fatiles y atractivas que tus clientes conservar\u00e1n y apreciar\u00e1n todo el a\u00f1o.<\/p>\n","protected":false},"excerpt":{"rendered":"<p data-start=\"1591\" data-end=\"1648\">Tu marca presente todo el a\u00f1o.<\/p>\n<p data-start=\"1650\" data-end=\"1770\">Calendarios personalizados que combinan funcionalidad y dise\u00f1o, ideales para regalar a clientes o tener en tu oficina.<\/p>\n<p data-start=\"1772\" data-end=\"1898\"><strong data-start=\"1772\" data-end=\"1787\">Ideal para:<\/strong><br data-start=\"1787\" data-end=\"1790\" \/>\u2714\ufe0f Regalos corporativos<br data-start=\"1813\" data-end=\"1816\" \/>\u2714\ufe0f Clientes y colaboradores<br data-start=\"1843\" data-end=\"1846\" \/>\u2714\ufe0f Decoraci\u00f3n de oficina<br data-start=\"1870\" data-end=\"1873\" \/>\u2714\ufe0f Promociones de marca<\/p>\n","protected":false},"featured_media":11371,"template":"","meta":{"_monsterinsights_skip_tracking":false,"_monsterinsights_sitenote_active":false,"_monsterinsights_sitenote_note":"","_monsterinsights_sitenote_category":0},"product_brand":[],"product_cat":[15],"product_tag":[],"class_list":{"0":"post-11341","1":"product","2":"type-product","3":"status-publish","4":"has-post-thumbnail","6":"product_cat-uncategorized","8":"first","9":"instock","10":"taxable","11":"shipping-taxable","12":"purchasable","13":"product-type-simple"},"_links":{"self":[{"href":"https:\/\/krem-studio-1-12b1ea9.ingress-baronn.ewp.live\/index.php?rest_route=\/wp\/v2\/product\/11341","targetHints":{"allow":["GET"]}}],"collection":[{"href":"https:\/\/krem-studio-1-12b1ea9.ingress-baronn.ewp.live\/index.php?rest_route=\/wp\/v2\/product"}],"about":[{"href":"https:\/\/krem-studio-1-12b1ea9.ingress-baronn.ewp.live\/index.php?rest_route=\/wp\/v2\/types\/product"}],"wp:featuredmedia":[{"embeddable":true,"href":"https:\/\/krem-studio-1-12b1ea9.ingress-baronn.ewp.live\/index.php?rest_route=\/wp\/v2\/media\/11371"}],"wp:attachment":[{"href":"https:\/\/krem-studio-1-12b1ea9.ingress-baronn.ewp.live\/index.php?rest_route=%2Fwp%2Fv2%2Fmedia&parent=11341"}],"wp:term":[{"taxonomy":"product_brand","embeddable":true,"href":"https:\/\/krem-studio-1-12b1ea9.ingress-baronn.ewp.live\/index.php?rest_route=%2Fwp%2Fv2%2Fproduct_brand&post=11341"},{"taxonomy":"product_cat","embeddable":true,"href":"https:\/\/krem-studio-1-12b1ea9.ingress-baronn.ewp.live\/index.php?rest_route=%2Fwp%2Fv2%2Fproduct_cat&post=11341"},{"taxonomy":"product_tag","embeddable":true,"href":"https:\/\/krem-studio-1-12b1ea9.ingress-baronn.ewp.live\/index.php?rest_route=%2Fwp%2Fv2%2Fproduct_tag&post=11341"}],"curies":[{"name":"wp","href":"https:\/\/api.w.org\/{rel}","templated":true}]}}