{"id":11344,"date":"2025-09-07T22:00:28","date_gmt":"2025-09-08T02:00:28","guid":{"rendered":"https:\/\/krem-studio-10fc169.ingress-daribow.ewp.live\/?post_type=product&#038;p=11344"},"modified":"2025-10-26T18:02:01","modified_gmt":"2025-10-26T22:02:01","slug":"talonarios","status":"publish","type":"product","link":"https:\/\/krem-studio-1-12b1ea9.ingress-baronn.ewp.live\/?product=talonarios","title":{"rendered":"Talonarios"},"content":{"rendered":"<p data-start=\"3219\" data-end=\"3518\">Los talonarios son herramientas pr\u00e1cticas que mantienen tu negocio organizado y profesional. En Krem Studio ofrecemos talonarios personalizados con impresi\u00f3n de alta calidad, numeraci\u00f3n autom\u00e1tica y opciones de acabados resistentes, adaptados a tus necesidades operativas.<\/p>\n","protected":false},"excerpt":{"rendered":"<p data-start=\"2885\" data-end=\"2948\">Organiza tus operaciones con estilo.<\/p>\n<p data-start=\"2950\" data-end=\"3095\">Talonarios personalizados para facturas, recibos, \u00f3rdenes de trabajo y m\u00e1s. Perfectos para negocios que buscan funcionalidad y profesionalismo.<\/p>\n<p data-start=\"3097\" data-end=\"3217\"><strong data-start=\"3097\" data-end=\"3112\">Ideal para:<\/strong><br data-start=\"3112\" data-end=\"3115\" \/>\u2714\ufe0f Negocios y tiendas<br data-start=\"3136\" data-end=\"3139\" \/>\u2714\ufe0f Restaurantes y cafeter\u00edas<br data-start=\"3167\" data-end=\"3170\" \/>\u2714\ufe0f Servicios profesionales<br data-start=\"3196\" data-end=\"3199\" \/>\u2714\ufe0f Emprendedores<\/p>\n","protected":false},"featured_media":11364,"template":"","meta":{"_monsterinsights_skip_tracking":false,"_monsterinsights_sitenote_active":false,"_monsterinsights_sitenote_note":"","_monsterinsights_sitenote_category":0},"product_brand":[],"product_cat":[330,310],"product_tag":[],"class_list":{"0":"post-11344","1":"product","2":"type-product","3":"status-publish","4":"has-post-thumbnail","6":"product_cat-talonarios-recetarios","7":"product_cat-tarjetas-y-papeleria","9":"first","10":"instock","11":"taxable","12":"shipping-taxable","13":"purchasable","14":"product-type-simple"},"_links":{"self":[{"href":"https:\/\/krem-studio-1-12b1ea9.ingress-baronn.ewp.live\/index.php?rest_route=\/wp\/v2\/product\/11344","targetHints":{"allow":["GET"]}}],"collection":[{"href":"https:\/\/krem-studio-1-12b1ea9.ingress-baronn.ewp.live\/index.php?rest_route=\/wp\/v2\/product"}],"about":[{"href":"https:\/\/krem-studio-1-12b1ea9.ingress-baronn.ewp.live\/index.php?rest_route=\/wp\/v2\/types\/product"}],"wp:featuredmedia":[{"embeddable":true,"href":"https:\/\/krem-studio-1-12b1ea9.ingress-baronn.ewp.live\/index.php?rest_route=\/wp\/v2\/media\/11364"}],"wp:attachment":[{"href":"https:\/\/krem-studio-1-12b1ea9.ingress-baronn.ewp.live\/index.php?rest_route=%2Fwp%2Fv2%2Fmedia&parent=11344"}],"wp:term":[{"taxonomy":"product_brand","embeddable":true,"href":"https:\/\/krem-studio-1-12b1ea9.ingress-baronn.ewp.live\/index.php?rest_route=%2Fwp%2Fv2%2Fproduct_brand&post=11344"},{"taxonomy":"product_cat","embeddable":true,"href":"https:\/\/krem-studio-1-12b1ea9.ingress-baronn.ewp.live\/index.php?rest_route=%2Fwp%2Fv2%2Fproduct_cat&post=11344"},{"taxonomy":"product_tag","embeddable":true,"href":"https:\/\/krem-studio-1-12b1ea9.ingress-baronn.ewp.live\/index.php?rest_route=%2Fwp%2Fv2%2Fproduct_tag&post=11344"}],"curies":[{"name":"wp","href":"https:\/\/api.w.org\/{rel}","templated":true}]}}