{"id":11345,"date":"2025-09-07T22:01:03","date_gmt":"2025-09-08T02:01:03","guid":{"rendered":"https:\/\/krem-studio-10fc169.ingress-daribow.ewp.live\/?post_type=product&#038;p=11345"},"modified":"2025-10-26T18:01:48","modified_gmt":"2025-10-26T22:01:48","slug":"recetarios","status":"publish","type":"product","link":"https:\/\/krem-studio-1-12b1ea9.ingress-baronn.ewp.live\/?product=recetarios","title":{"rendered":"Recetarios"},"content":{"rendered":"<p>Un recetario bien dise\u00f1ado es pr\u00e1ctico y atractivo. En Krem Studio creamos recetarios personalizados con tapa, separadores y p\u00e1ginas dise\u00f1adas para escribir o imprimir recetas, combinando est\u00e9tica y utilidad para que cocinar y compartir recetas sea m\u00e1s f\u00e1cil y elegante.<\/p>\n","protected":false},"excerpt":{"rendered":"<p data-start=\"3547\" data-end=\"3623\">Guarda y comparte tus recetas de manera elegante.<\/p>\n<p data-start=\"3625\" data-end=\"3753\">Recetarios personalizados para chefs, restaurantes y aficionados que quieren organizar sus recetas con estilo y funcionalidad.<\/p>\n<p data-start=\"3755\" data-end=\"3881\"><strong data-start=\"3755\" data-end=\"3770\">Ideal para:<\/strong><br data-start=\"3770\" data-end=\"3773\" \/>\u2714\ufe0f Restaurantes y cocineros<br data-start=\"3800\" data-end=\"3803\" \/>\u2714\ufe0f Escuelas de cocina<br data-start=\"3824\" data-end=\"3827\" \/>\u2714\ufe0f Aficionados culinarios<br data-start=\"3852\" data-end=\"3855\" \/>\u2714\ufe0f Regalos gastron\u00f3micos<\/p>\n","protected":false},"featured_media":11364,"template":"","meta":{"_monsterinsights_skip_tracking":false,"_monsterinsights_sitenote_active":false,"_monsterinsights_sitenote_note":"","_monsterinsights_sitenote_category":0},"product_brand":[],"product_cat":[310],"product_tag":[],"class_list":{"0":"post-11345","1":"product","2":"type-product","3":"status-publish","4":"has-post-thumbnail","6":"product_cat-tarjetas-y-papeleria","8":"first","9":"instock","10":"taxable","11":"shipping-taxable","12":"purchasable","13":"product-type-simple"},"_links":{"self":[{"href":"https:\/\/krem-studio-1-12b1ea9.ingress-baronn.ewp.live\/index.php?rest_route=\/wp\/v2\/product\/11345","targetHints":{"allow":["GET"]}}],"collection":[{"href":"https:\/\/krem-studio-1-12b1ea9.ingress-baronn.ewp.live\/index.php?rest_route=\/wp\/v2\/product"}],"about":[{"href":"https:\/\/krem-studio-1-12b1ea9.ingress-baronn.ewp.live\/index.php?rest_route=\/wp\/v2\/types\/product"}],"wp:featuredmedia":[{"embeddable":true,"href":"https:\/\/krem-studio-1-12b1ea9.ingress-baronn.ewp.live\/index.php?rest_route=\/wp\/v2\/media\/11364"}],"wp:attachment":[{"href":"https:\/\/krem-studio-1-12b1ea9.ingress-baronn.ewp.live\/index.php?rest_route=%2Fwp%2Fv2%2Fmedia&parent=11345"}],"wp:term":[{"taxonomy":"product_brand","embeddable":true,"href":"https:\/\/krem-studio-1-12b1ea9.ingress-baronn.ewp.live\/index.php?rest_route=%2Fwp%2Fv2%2Fproduct_brand&post=11345"},{"taxonomy":"product_cat","embeddable":true,"href":"https:\/\/krem-studio-1-12b1ea9.ingress-baronn.ewp.live\/index.php?rest_route=%2Fwp%2Fv2%2Fproduct_cat&post=11345"},{"taxonomy":"product_tag","embeddable":true,"href":"https:\/\/krem-studio-1-12b1ea9.ingress-baronn.ewp.live\/index.php?rest_route=%2Fwp%2Fv2%2Fproduct_tag&post=11345"}],"curies":[{"name":"wp","href":"https:\/\/api.w.org\/{rel}","templated":true}]}}